{"id":1324,"date":"2017-06-12T12:57:18","date_gmt":"2017-06-12T10:57:18","guid":{"rendered":"http:\/\/www.chalets-esquits.com\/?page_id=1324"},"modified":"2025-08-31T14:53:56","modified_gmt":"2025-08-31T12:53:56","slug":"chalet-rental-pyrenees-2000-font-romeu","status":"publish","type":"page","link":"https:\/\/www.chalets-esquits.com\/en\/","title":{"rendered":"Chalets rental Pyren\u00e9es 2000 Font-Romeu"},"content":{"rendered":"<p><img loading=\"lazy\" decoding=\"async\" class=\"aligncenter wp-image-5450 size-full\" title=\"chalet cosy\" src=\"https:\/\/www.chalets-esquits.com\/wp-content\/uploads\/2023\/10\/DERNIERE-COSY.jpg\" alt=\"Salon chalet cosy Pyr\u00e9n\u00e9es 2000 Font Romeu\" width=\"600\" height=\"438\" srcset=\"https:\/\/www.chalets-esquits.com\/wp-content\/uploads\/2023\/10\/DERNIERE-COSY.jpg 600w, https:\/\/www.chalets-esquits.com\/wp-content\/uploads\/2023\/10\/DERNIERE-COSY-300x219.jpg 300w, https:\/\/www.chalets-esquits.com\/wp-content\/uploads\/2023\/10\/DERNIERE-COSY-150x110.jpg 150w\" sizes=\"auto, (max-width: 600px) 100vw, 600px\" \/><\/p>\n<h2 style=\"text-align: center;\"><strong>Welcome at Chalets des Esquits<\/strong><\/h2>\n<h2 style=\"text-align: center;\"><strong>Chalet rental Pyren\u00e9es 2000 Font-Romeu.<\/strong><\/h2>\n<p style=\"text-align: center;\">We propose you our modern and comfortable holiday chalets, completely independant, in the centre of Pyr\u00e9n\u00e9es 2000 area Font-Romeu resort, for a successful ski holiday<\/p>\n<h3 style=\"text-align: center;\"><strong>our holiday chalets<br \/>\n<\/strong><\/h3>\n<p>&nbsp;<\/p>\n<div class=\"one_half\"><h2 style=\"text-align: center;\"><strong><a href=\"https:\/\/www.chalets-esquits.com\/en\/chalet-cosy-rental-pyrenees-2000-font-romeu\/\">CHALET COSY<\/a><\/strong><\/h2>\n<p><img loading=\"lazy\" decoding=\"async\" class=\"aligncenter wp-image-5229 size-medium\" title=\"chalet cosy\" src=\"https:\/\/www.chalets-esquits.com\/wp-content\/uploads\/2023\/09\/FACADE-COSY-14-SEPTEMBRE-2023-copie-300x200.jpeg\" alt=\"\" width=\"300\" height=\"200\" srcset=\"https:\/\/www.chalets-esquits.com\/wp-content\/uploads\/2023\/09\/FACADE-COSY-14-SEPTEMBRE-2023-copie-300x200.jpeg 300w, https:\/\/www.chalets-esquits.com\/wp-content\/uploads\/2023\/09\/FACADE-COSY-14-SEPTEMBRE-2023-copie-150x100.jpeg 150w, https:\/\/www.chalets-esquits.com\/wp-content\/uploads\/2023\/09\/FACADE-COSY-14-SEPTEMBRE-2023-copie.jpeg 600w\" sizes=\"auto, (max-width: 300px) 100vw, 300px\" \/><\/p>\n<h3 style=\"text-align: center;\"><strong>COSY Chalet 90 m2 with wood stove<\/strong><\/h3>\n<h5 style=\"text-align: center;\"><strong>private garage, terrace, BBQ<\/strong><\/h5>\n<h5 style=\"text-align: center;\"><strong>for up to 8 people<br \/>\n<\/strong><\/h5>\n<h5 style=\"text-align: center;\"><strong>included babies and children<\/strong><\/h5>\n<h5 style=\"text-align: center;\"><strong>3 bedrooms (included 1 in a mezzanine), 2 bathrooms<\/strong><\/h5>\n<h3 style=\"text-align: center;\"><strong><a href=\"https:\/\/www.chalets-esquits.com\/en\/chalet-cosy-rental-pyrenees-2000-font-romeu\/\">MORE<\/a><\/strong><\/h3><\/div>\n<p>&nbsp;<\/p>\n<div class=\"one_half column-last\"><h2 style=\"text-align: center;\"><strong><a href=\"https:\/\/www.chalets-esquits.com\/en\/chalet-nest-rental-pyrenees-2000-font-romeu\/\">CHALET NEST<\/a><\/strong><\/h2>\n<h3 style=\"text-align: center;\"><img loading=\"lazy\" decoding=\"async\" class=\"wp-image-1837 size-medium aligncenter\" src=\"http:\/\/www.chalets-esquits.com\/wp-content\/uploads\/2018\/06\/nest-neige-300x200.jpg\" alt=\"\" width=\"300\" height=\"200\" \/><strong>NEST Chalet 90 m2 with fireplace insert<\/strong><\/h3>\n<h5 style=\"text-align: center;\"><strong>for up to 8 people\u00a0<\/strong><\/h5>\n<h5 style=\"text-align: center;\"><strong>included babies and children<\/strong><\/h5>\n<h5 style=\"text-align: center;\"><strong>4 bedrooms, 2 bathrooms<\/strong><\/h5>\n<h3 style=\"text-align: center;\"><strong><a href=\"https:\/\/www.chalets-esquits.com\/en\/chalet-nest-rental-pyrenees-2000-font-romeu\/\">MORE<\/a><\/strong><\/h3><\/div>\n\t\t\t<div class=\"clearer\"><\/div>\n<p>&nbsp;<\/p>\n<h2 style=\"text-align: center;\"><\/h2>\n<h5><strong><div class=\"divider type_3\"><\/div><\/strong><\/h5>\n<h5><\/h5>\n<h5 style=\"font-weight: 400;\"><strong>\u00b0\u00b0\u00b0 BED LINEN AND TOWELS ARE NOT INCLUDED, PLEASE BRING YOURS<\/strong><\/h5>\n<h5><\/h5>\n<h5 style=\"font-weight: 400;\"><strong>WE DO NOT ASK FOR A CLEANING PACKAGE, WE ASK YOU TO LEAVE A CORRECT CHALET AND A CLEAN KITCHEN (OVENS IF YOU USE THEM, INDUCTION HOBS, FONDUE AND RACLETTE SERVICES AND EMPTY CUPBOARDS AND REFRIGERATORS)<\/strong><\/h5>\n<h5 style=\"font-weight: 400;\"><\/h5>\n<h5 style=\"font-weight: 400;\"><strong>FOR CHALETS WHICH HAVE A WOOD STOVE OR A FIREPLACE,<\/strong><\/h5>\n<h5 style=\"font-weight: 400;\"><strong>WOOD IS INCLUDED<\/strong><\/h5>\n<h3><strong>Location of the holiday chalets<br \/>\n<\/strong><\/h3>\n<p>Holiday rentals in the centre of Pyr\u00e9n\u00e9es 2000 within 300 m of the ski slopes and 200 m of the shopping center<\/p>\n<p><strong>Bolqu\u00e8re centre and Font-Romeu are within 2 km of Pyr\u00e9n\u00e9es 2000<br \/>\n<\/strong><\/p>\n<p>Close to the chalets all amenities : restaurants, bowling, shops by walking<\/p>\n<p><a href=\"https:\/\/www.chalets-esquits.com\/pyrenees-2000-font-romeu-station-de-ski\/\">La station de Pyr\u00e9n\u00e9es 2000<\/a> is on the municipality of Bolqu\u00e8re, typical and lively village of Cerdanya, it is connected with the ski slopes of Font-Romeu<\/p>\n<p>Motorway<strong> A9 access<\/strong>, exit <strong>Perpignan,<\/strong><\/p>\n<p><strong>Yellow train<\/strong> railway station.<\/p>\n<p><strong>Toulouse Perpignan and Carcassonne airports.<\/strong><\/p>\n<p><strong>Spain<\/strong> about 15 kilometers and\u00a0<strong>Andorra<\/strong> about 30 kilometers<\/p>\n<p>We are owners of Rental pyren\u00e9es 2000 Font-Romeu Chalets and you can <a href=\"https:\/\/www.chalets-esquits.com\/en\/contact-us\/\"><strong>book direct owner<\/strong><\/a> without fees.<\/p>\n<h3><\/h3>\n","protected":false},"excerpt":{"rendered":"<p>Welcome at Chalets des Esquits Chalet rental Pyren\u00e9es 2000 Font-Romeu. We propose you our modern and comfortable holiday chalets, completely independant, in the centre of Pyr\u00e9n\u00e9es 2000 area Font-Romeu resort, for a successful ski holiday our holiday chalets &nbsp; &hellip; <\/p>\n<p><a href=\"https:\/\/www.chalets-esquits.com\/en\/\" class=\"read_more_link\">Read more<\/a><\/p>\n","protected":false},"author":1,"featured_media":0,"parent":0,"menu_order":0,"comment_status":"closed","ping_status":"closed","template":"","meta":{"footnotes":""},"class_list":["post-1324","page","type-page","status-publish","hentry"],"_links":{"self":[{"href":"https:\/\/www.chalets-esquits.com\/en\/wp-json\/wp\/v2\/pages\/1324","targetHints":{"allow":["GET"]}}],"collection":[{"href":"https:\/\/www.chalets-esquits.com\/en\/wp-json\/wp\/v2\/pages"}],"about":[{"href":"https:\/\/www.chalets-esquits.com\/en\/wp-json\/wp\/v2\/types\/page"}],"author":[{"embeddable":true,"href":"https:\/\/www.chalets-esquits.com\/en\/wp-json\/wp\/v2\/users\/1"}],"replies":[{"embeddable":true,"href":"https:\/\/www.chalets-esquits.com\/en\/wp-json\/wp\/v2\/comments?post=1324"}],"version-history":[{"count":79,"href":"https:\/\/www.chalets-esquits.com\/en\/wp-json\/wp\/v2\/pages\/1324\/revisions"}],"predecessor-version":[{"id":6308,"href":"https:\/\/www.chalets-esquits.com\/en\/wp-json\/wp\/v2\/pages\/1324\/revisions\/6308"}],"wp:attachment":[{"href":"https:\/\/www.chalets-esquits.com\/en\/wp-json\/wp\/v2\/media?parent=1324"}],"curies":[{"name":"wp","href":"https:\/\/api.w.org\/{rel}","templated":true}]}}