{"id":1326,"date":"2017-06-12T12:57:02","date_gmt":"2017-06-12T10:57:02","guid":{"rendered":"http:\/\/www.chalets-esquits.com\/?page_id=1326"},"modified":"2024-06-12T18:14:53","modified_gmt":"2024-06-12T16:14:53","slug":"chalet-cosy-rental-pyrenees-2000-font-romeu","status":"publish","type":"page","link":"https:\/\/www.chalets-esquits.com\/en\/chalet-cosy-rental-pyrenees-2000-font-romeu\/","title":{"rendered":"Chalet Cosy rental Pyr\u00e9n\u00e9es 2000 Font Romeu"},"content":{"rendered":"<h2 style=\"text-align: center;\"><img loading=\"lazy\" decoding=\"async\" class=\"aligncenter wp-image-5450 size-full\" src=\"https:\/\/www.chalets-esquits.com\/wp-content\/uploads\/2023\/10\/DERNIERE-COSY.jpg\" alt=\"Salon chalet cosy Pyr\u00e9n\u00e9es 2000 Font Romeu\" width=\"600\" height=\"438\" srcset=\"https:\/\/www.chalets-esquits.com\/wp-content\/uploads\/2023\/10\/DERNIERE-COSY.jpg 600w, https:\/\/www.chalets-esquits.com\/wp-content\/uploads\/2023\/10\/DERNIERE-COSY-300x219.jpg 300w, https:\/\/www.chalets-esquits.com\/wp-content\/uploads\/2023\/10\/DERNIERE-COSY-150x110.jpg 150w\" sizes=\"auto, (max-width: 600px) 100vw, 600px\" \/><\/h2>\n<h2 style=\"text-align: center;\"><strong>WELCOME chalet COSY<br \/>\n<\/strong><\/h2>\n<h3 style=\"text-align: center;\"><strong>New !!!<\/strong><\/h3>\n<h3 style=\"text-align: center;\"><strong>a new living room <\/strong><\/h3>\n<h3 style=\"text-align: center;\"><strong>with fire place<\/strong><\/h3>\n<h3 style=\"text-align: center;\"><strong>8 people<\/strong><strong><br \/>\n<\/strong><\/h3>\n<h5 style=\"text-align: center;\"><strong>3 bedrooms (1 in mezzanine)<\/strong><\/h5>\n<h5 style=\"text-align: center;\"><strong>1 BATHROOM AND 1 SHOWER ROOM<\/strong><\/h5>\n<h5 style=\"text-align: center;\"><strong>included babies and children<\/strong><\/h5>\n<h6 style=\"text-align: center;\"><strong>85 m2 + garage + terrace<\/strong><\/h6>\n<h6 style=\"text-align: center;\"><strong>animals are not allowed<\/strong><\/h6>\n<h5 style=\"text-align: center;\"><strong>photos lower<\/strong><\/h5>\n<p>&nbsp;<\/p>\n<p>It will make you feel warm in a friendly and cozy atmosphere in this genuine log Scandinavian chalet. You will enjoy the many sunny days on the beautiful terrace facing south for sunbathing or making grills in the big BBQ. Cosy chalet is located in the center of Bolqu\u00e8re Pyr\u00e9n\u00e9es 2000 resort, you can do everything by foot within 300 m, close to the ski slopes, Domaine Font Romeu Pyr\u00e9n\u00e9es 2000, supermarket, bowling, restaurants, shops&#8230;.<\/p>\n<h6 style=\"text-align: center;\"><\/h6>\n<h4 style=\"text-align: center;\"><a href=\"https:\/\/www.chalets-esquits.com\/reservation-chalet-pyrenees-2000-font-romeu\/\">APPLY FOR AVAILABILITY<\/a><\/h4>\n<h3><\/h3>\n<h3><strong>Chalet cosy rental description:<\/strong><\/h3>\n<h5>Traditional 85 m2 Scandinavian log chalet, hard built ground floor, wooden built upper floors<\/h5>\n<h5><strong>Ground floor<\/strong> :<\/h5>\n<p>GARAGE, ski rack and ski boot dryer.<\/p>\n<p>&#8211; <strong>2 bedrooms with beds 160 and 140,<\/strong><\/p>\n<p>&#8211; independent toilets<\/p>\n<p>&#8211; <strong>small bathroom with bath and washbasin,<\/strong><\/p>\n<h5><strong>upper floor<\/strong> :<\/h5>\n<p>living room with wood stove and sofa bed, dining room, kitchen, &#8211; bathroom, separate toilet, &#8211; large terrace with BBQ,<\/p>\n<h5><strong>Mezzanine giving onto the living room\u00a0<\/strong> :<\/h5>\n<p><strong>4 single beds\u00a0<\/strong><\/p>\n<p>INCLUDED SERVICES<\/p>\n<p>Car park and private garage<\/p>\n<p>WIFI,<\/p>\n<p>ski boot dryer,<\/p>\n<p>For the quietness of the neighborhood, this cottage is reserved for families<\/p>\n<p>For allergies ans cleanliness reasons, animals are not allowed in our chalets<\/p>\n<div class=\"one_third\"><img loading=\"lazy\" decoding=\"async\" class=\"aligncenter wp-image-5569 size-full\" src=\"https:\/\/www.chalets-esquits.com\/wp-content\/uploads\/2023\/11\/FACADE-3-copie.jpeg\" alt=\"\" width=\"533\" height=\"400\" srcset=\"https:\/\/www.chalets-esquits.com\/wp-content\/uploads\/2023\/11\/FACADE-3-copie.jpeg 533w, https:\/\/www.chalets-esquits.com\/wp-content\/uploads\/2023\/11\/FACADE-3-copie-300x225.jpeg 300w, https:\/\/www.chalets-esquits.com\/wp-content\/uploads\/2023\/11\/FACADE-3-copie-150x113.jpeg 150w\" sizes=\"auto, (max-width: 533px) 100vw, 533px\" \/><br \/><\/div>\n<div class=\"one_third\"><img loading=\"lazy\" decoding=\"async\" class=\"aligncenter wp-image-5446 size-full\" src=\"https:\/\/www.chalets-esquits.com\/wp-content\/uploads\/2023\/10\/VUE-DEPUIS-MEZZA-COSY.jpg\" alt=\"sejour cosy\" width=\"533\" height=\"400\" srcset=\"https:\/\/www.chalets-esquits.com\/wp-content\/uploads\/2023\/10\/VUE-DEPUIS-MEZZA-COSY.jpg 533w, https:\/\/www.chalets-esquits.com\/wp-content\/uploads\/2023\/10\/VUE-DEPUIS-MEZZA-COSY-300x225.jpg 300w, https:\/\/www.chalets-esquits.com\/wp-content\/uploads\/2023\/10\/VUE-DEPUIS-MEZZA-COSY-150x113.jpg 150w\" sizes=\"auto, (max-width: 533px) 100vw, 533px\" \/><br \/><\/div>\n<div class=\"one_third column-last\"><img loading=\"lazy\" decoding=\"async\" class=\"aligncenter wp-image-5444 size-full\" src=\"https:\/\/www.chalets-esquits.com\/wp-content\/uploads\/2023\/10\/VUE-ENSEMBLE-REPAS-POELE-COSY.jpg\" alt=\"vue repas sejour cosy Pyr\u00e9n\u00e9es 2000 Font Romeu\" width=\"537\" height=\"400\" srcset=\"https:\/\/www.chalets-esquits.com\/wp-content\/uploads\/2023\/10\/VUE-ENSEMBLE-REPAS-POELE-COSY.jpg 537w, https:\/\/www.chalets-esquits.com\/wp-content\/uploads\/2023\/10\/VUE-ENSEMBLE-REPAS-POELE-COSY-300x223.jpg 300w, https:\/\/www.chalets-esquits.com\/wp-content\/uploads\/2023\/10\/VUE-ENSEMBLE-REPAS-POELE-COSY-150x112.jpg 150w\" sizes=\"auto, (max-width: 537px) 100vw, 537px\" \/><br \/><\/div>\n\t\t\t<div class=\"clearer\"><\/div>\n<div class=\"one_third\"><img loading=\"lazy\" decoding=\"async\" class=\"aligncenter wp-image-5578 size-full\" src=\"https:\/\/www.chalets-esquits.com\/wp-content\/uploads\/2023\/11\/IMG_7060-copie.jpeg\" alt=\"\" width=\"533\" height=\"400\" srcset=\"https:\/\/www.chalets-esquits.com\/wp-content\/uploads\/2023\/11\/IMG_7060-copie.jpeg 533w, https:\/\/www.chalets-esquits.com\/wp-content\/uploads\/2023\/11\/IMG_7060-copie-300x225.jpeg 300w, https:\/\/www.chalets-esquits.com\/wp-content\/uploads\/2023\/11\/IMG_7060-copie-150x113.jpeg 150w\" sizes=\"auto, (max-width: 533px) 100vw, 533px\" \/><br \/><\/div>\n<div class=\"one_third\"><img loading=\"lazy\" decoding=\"async\" class=\"aligncenter wp-image-5571 size-full\" src=\"https:\/\/www.chalets-esquits.com\/wp-content\/uploads\/2023\/11\/533X400-CHAMBRE-BLEUE.jpg\" alt=\"\" width=\"533\" height=\"400\" srcset=\"https:\/\/www.chalets-esquits.com\/wp-content\/uploads\/2023\/11\/533X400-CHAMBRE-BLEUE.jpg 533w, https:\/\/www.chalets-esquits.com\/wp-content\/uploads\/2023\/11\/533X400-CHAMBRE-BLEUE-300x225.jpg 300w, https:\/\/www.chalets-esquits.com\/wp-content\/uploads\/2023\/11\/533X400-CHAMBRE-BLEUE-150x113.jpg 150w\" sizes=\"auto, (max-width: 533px) 100vw, 533px\" \/><br \/><\/div>\n<div class=\"one_third column-last\"><img loading=\"lazy\" decoding=\"async\" class=\"aligncenter wp-image-5357 size-full\" src=\"https:\/\/www.chalets-esquits.com\/wp-content\/uploads\/2023\/10\/CHAMBRE-MEZZA.jpeg\" alt=\"chalet cosy Pyrenees 2000 Font Romeu\" width=\"600\" height=\"400\" srcset=\"https:\/\/www.chalets-esquits.com\/wp-content\/uploads\/2023\/10\/CHAMBRE-MEZZA.jpeg 600w, https:\/\/www.chalets-esquits.com\/wp-content\/uploads\/2023\/10\/CHAMBRE-MEZZA-300x200.jpeg 300w, https:\/\/www.chalets-esquits.com\/wp-content\/uploads\/2023\/10\/CHAMBRE-MEZZA-150x100.jpeg 150w\" sizes=\"auto, (max-width: 600px) 100vw, 600px\" \/><br \/><\/div>\n\t\t\t<div class=\"clearer\"><\/div>\n<div class=\"one_third\"><p><img loading=\"lazy\" decoding=\"async\" class=\"aligncenter wp-image-5606 size-full\" src=\"https:\/\/www.chalets-esquits.com\/wp-content\/uploads\/2023\/12\/SDB-COSY-DERNIERE-copie.jpeg\" alt=\"\" width=\"533\" height=\"400\" srcset=\"https:\/\/www.chalets-esquits.com\/wp-content\/uploads\/2023\/12\/SDB-COSY-DERNIERE-copie.jpeg 533w, https:\/\/www.chalets-esquits.com\/wp-content\/uploads\/2023\/12\/SDB-COSY-DERNIERE-copie-300x225.jpeg 300w, https:\/\/www.chalets-esquits.com\/wp-content\/uploads\/2023\/12\/SDB-COSY-DERNIERE-copie-150x113.jpeg 150w\" sizes=\"auto, (max-width: 533px) 100vw, 533px\" \/><br \/><\/div>\n<div class=\"one_third\"><img loading=\"lazy\" decoding=\"async\" class=\"aligncenter wp-image-1116 size-full\" src=\"https:\/\/www.chalets-esquits.com\/wp-content\/uploads\/2017\/03\/cuisine.jpg\" alt=\"Cuisine \u00e9quip\u00e9e location chalet cosy Bolqu\u00e8re\" width=\"600\" height=\"400\" srcset=\"https:\/\/www.chalets-esquits.com\/wp-content\/uploads\/2017\/03\/cuisine.jpg 600w, https:\/\/www.chalets-esquits.com\/wp-content\/uploads\/2017\/03\/cuisine-300x200.jpg 300w, https:\/\/www.chalets-esquits.com\/wp-content\/uploads\/2017\/03\/cuisine-150x100.jpg 150w\" sizes=\"auto, (max-width: 600px) 100vw, 600px\" \/><br \/><\/div>\n<div class=\"one_third column-last\"><img loading=\"lazy\" decoding=\"async\" class=\"aligncenter wp-image-5454 size-full\" src=\"https:\/\/www.chalets-esquits.com\/wp-content\/uploads\/2023\/10\/SDB-COSY-BOLQUERE.jpg\" alt=\"chalet cosy sub Bolquere\" width=\"533\" height=\"400\" srcset=\"https:\/\/www.chalets-esquits.com\/wp-content\/uploads\/2023\/10\/SDB-COSY-BOLQUERE.jpg 533w, https:\/\/www.chalets-esquits.com\/wp-content\/uploads\/2023\/10\/SDB-COSY-BOLQUERE-300x225.jpg 300w, https:\/\/www.chalets-esquits.com\/wp-content\/uploads\/2023\/10\/SDB-COSY-BOLQUERE-150x113.jpg 150w\" sizes=\"auto, (max-width: 533px) 100vw, 533px\" \/><br \/><\/div>\n\t\t\t<div class=\"clearer\"><\/div>\n<h5><\/h5>\n<h5><\/h5>\n<h5><strong>WE DO NOT ADD A CLEANING PACKAGE BUT ASK YOU TO LEAVE A CORRECT COTTAGE AND A CLEAN KITCHEN<\/strong><\/h5>\n<h6><strong>THE KITCHEN HAS TO BE CLEANED BY YOU <\/strong><\/h6>\n<h5><strong>&#8211; including fondue and raclettes devices, electric and micro-wave ovens if you used them<\/strong><\/h5>\n<h5>&#8211; fridge and dish-washer have to be emptied<br \/>\n&#8211; dishes must be washed and tidied up in cupboards<br \/>\n&#8211; Garbage cans will be taken out in the outside containers<\/h5>\n<h5>&#8211; BBQ also has to cleaned if you use it<\/h5>\n<h5><strong>PETS NOT ALLOWED in chalet cosy\u00a0<\/strong><\/h5>\n<p>&nbsp;<\/p>\n<p>&nbsp;<\/p>\n<h4 style=\"text-align: center;\"><strong><a href=\"http:\/\/www.chalets-esquits.com\/reservation-chalet-pyrenees-2000-font-romeu\/\">BOOK<\/a><\/strong><\/h4>\n<div class=\"divider type_3\"><\/div>\n<p style=\"text-align: center;\"><strong>\u00a0<\/strong><\/p>\n<p><strong>Arrivals<\/strong> : between 4 pm and 7 pm \/ departures : the latest 9H45 am<\/p>\n<p><strong>Returnable breakage deposit 800 \u20ac<\/strong> the day of your arrival and given back the day of your departure<\/p>\n<p>&nbsp;<\/p>\n<p>&nbsp;<\/p>\n<h4 style=\"text-align: center;\"><a href=\"http:\/\/www.chalets-esquits.com\/reservation-chalet-pyrenees-2000-font-romeu\/\">BOOK<\/a><\/h4>\n<p>&nbsp;<\/p>\n<p style=\"text-align: left;\">Payment by cash, bank transfer, 30 % deposit on booking and the balance the day of arrival if payment in cash. If you wish to pay the balance by bank tansfer, we will ask for payment 1 week before your arrival.<\/p>\n<p style=\"text-align: left;\">BOOKING DEPOSIT AND BALANCE PAYMENT, BANK TRANSFER PAYMENT our IBAN is included with the contract<\/p>\n<div class=\"one_half\"><h4><strong>\u00a0<\/strong><\/h4>\n<h3 style=\"text-align: center;\"><strong>GENERAL SITUATION<br \/>\n<\/strong><\/h3>\n<p style=\"text-align: center;\"><iframe loading=\"lazy\" src=\"https:\/\/www.google.com\/maps\/d\/embed?mid=17SDss_h6j_-WJgauxrfGzVTxUUk\" width=\"288\" height=\"480\"><\/iframe><\/p><\/div>\n<div class=\"one_half column-last\"><h4 style=\"text-align: center;\"><strong>ACCESS TO SKI SLOPES<br \/>\n<\/strong><\/h4>\n<p style=\"text-align: center;\">By rue des Esquits or by the forest with skis to the feet.<\/p>\n<p style=\"text-align: center;\"><a href=\"http:\/\/www.chalets-esquits.com\/wp-content\/uploads\/2016\/09\/plan-1.jpg\"><img loading=\"lazy\" decoding=\"async\" class=\"alignnone wp-image-1151 size-medium\" src=\"http:\/\/www.chalets-esquits.com\/wp-content\/uploads\/2016\/09\/plan-1-288x300.jpg\" alt=\"cosy pistes\" width=\"288\" height=\"300\" srcset=\"https:\/\/www.chalets-esquits.com\/wp-content\/uploads\/2016\/09\/plan-1-288x300.jpg 288w, https:\/\/www.chalets-esquits.com\/wp-content\/uploads\/2016\/09\/plan-1-144x150.jpg 144w, https:\/\/www.chalets-esquits.com\/wp-content\/uploads\/2016\/09\/plan-1.jpg 743w\" sizes=\"auto, (max-width: 288px) 100vw, 288px\" \/><\/a><\/p><\/div>\n\t\t\t<div class=\"clearer\"><\/div>\n","protected":false},"excerpt":{"rendered":"<p>WELCOME chalet COSY New !!! a new living room with fire place 8 people 3 bedrooms (1 in mezzanine) 1 BATHROOM AND 1 SHOWER ROOM included babies and children 85 m2 + garage + terrace animals are not allowed &hellip; <\/p>\n<p><a href=\"https:\/\/www.chalets-esquits.com\/en\/chalet-cosy-rental-pyrenees-2000-font-romeu\/\" class=\"read_more_link\">Read more<\/a><\/p>\n","protected":false},"author":1,"featured_media":0,"parent":0,"menu_order":0,"comment_status":"closed","ping_status":"closed","template":"","meta":{"footnotes":""},"class_list":["post-1326","page","type-page","status-publish","hentry"],"_links":{"self":[{"href":"https:\/\/www.chalets-esquits.com\/en\/wp-json\/wp\/v2\/pages\/1326","targetHints":{"allow":["GET"]}}],"collection":[{"href":"https:\/\/www.chalets-esquits.com\/en\/wp-json\/wp\/v2\/pages"}],"about":[{"href":"https:\/\/www.chalets-esquits.com\/en\/wp-json\/wp\/v2\/types\/page"}],"author":[{"embeddable":true,"href":"https:\/\/www.chalets-esquits.com\/en\/wp-json\/wp\/v2\/users\/1"}],"replies":[{"embeddable":true,"href":"https:\/\/www.chalets-esquits.com\/en\/wp-json\/wp\/v2\/comments?post=1326"}],"version-history":[{"count":486,"href":"https:\/\/www.chalets-esquits.com\/en\/wp-json\/wp\/v2\/pages\/1326\/revisions"}],"predecessor-version":[{"id":5856,"href":"https:\/\/www.chalets-esquits.com\/en\/wp-json\/wp\/v2\/pages\/1326\/revisions\/5856"}],"wp:attachment":[{"href":"https:\/\/www.chalets-esquits.com\/en\/wp-json\/wp\/v2\/media?parent=1326"}],"curies":[{"name":"wp","href":"https:\/\/api.w.org\/{rel}","templated":true}]}}