{"id":1340,"date":"2017-06-13T08:45:42","date_gmt":"2017-06-13T06:45:42","guid":{"rendered":"http:\/\/www.chalets-esquits.com\/?page_id=1340"},"modified":"2024-06-12T18:16:17","modified_gmt":"2024-06-12T16:16:17","slug":"chalet-nest-rental-pyrenees-2000-font-romeu","status":"publish","type":"page","link":"https:\/\/www.chalets-esquits.com\/en\/chalet-nest-rental-pyrenees-2000-font-romeu\/","title":{"rendered":"Chalet NEST rental Pyr\u00e9n\u00e9es 2000 Font Romeu"},"content":{"rendered":"<h2><img loading=\"lazy\" decoding=\"async\" class=\"aligncenter wp-image-2132 size-full\" src=\"http:\/\/www.chalets-esquits.com\/wp-content\/uploads\/2019\/02\/facade-chalet-nest.jpg\" alt=\"fa\u00e7ade du chalet Nest Pyr\u00e9n\u00e9es 2000\" width=\"600\" height=\"400\" srcset=\"https:\/\/www.chalets-esquits.com\/wp-content\/uploads\/2019\/02\/facade-chalet-nest.jpg 600w, https:\/\/www.chalets-esquits.com\/wp-content\/uploads\/2019\/02\/facade-chalet-nest-300x200.jpg 300w, https:\/\/www.chalets-esquits.com\/wp-content\/uploads\/2019\/02\/facade-chalet-nest-150x100.jpg 150w\" sizes=\"auto, (max-width: 600px) 100vw, 600px\" \/><\/h2>\n<h2><\/h2>\n<h2 style=\"text-align: center;\"><strong>Welcome to Nest chalet <\/strong><strong>90 m2<\/strong><\/h2>\n<h2 style=\"text-align: center;\"><strong>\u00a0<\/strong><\/h2>\n<p><strong>NEST\u00a0chalet<\/strong> is an exceptional chalet, an eagle nest above the clouds. In the morning you will discover a magnificient view of the Pyrenean chain from Canigou to Puigmal. Located in the center of Bolqu\u00e8re Pyr\u00e9n\u00e9es 2000 resort, you can do everything by foot within a radius of 300 m, close to the ski slopes, Domaine Font Romeu Pyr\u00e9n\u00e9es 2000, supermarket, bowling, restaurants, shops<\/p>\n<h3 style=\"text-align: center;\"><strong>8 people<br \/>\n<\/strong><\/h3>\n<h6 style=\"text-align: center;\"><strong>included babies and children<\/strong><\/h6>\n<h6 style=\"text-align: center;\"><strong>animals are not allowed<\/strong><\/h6>\n<p style=\"text-align: center;\"><strong>Rented weekly only<\/strong><\/p>\n<h6 style=\"text-align: center;\"><strong>possibility to rent bed linen and towels, see welcome page for rates<\/strong><\/h6>\n<h4 style=\"text-align: center;\"><strong>\u00a0<\/strong><\/h4>\n<h3 style=\"text-align: center;\">informations request :\u00a0<strong><a href=\"mailto:chalets.esquits@gmail.com\">chalets.esquits@gmail.com<\/a><\/strong><\/h3>\n<h3><\/h3>\n<h3><strong>Description:<\/strong><\/h3>\n<p>Chalet in traditional construction.Outside and inside insulation, electric heating ,90 m2 surface. 250 m2 garden<\/p>\n<h3><strong>entrance<br \/>\n<\/strong><\/h3>\n<p>ski locker, washing machine, tumble dryer and ski boot dryer<\/p>\n<h3><strong>Ground floor<br \/>\n<\/strong><\/h3>\n<p>Living room with <strong>fireplace insert<\/strong><\/p>\n<p>dining room<\/p>\n<p>Modern kitchen totally equipped giving onto the dining room. 2 steps separate the kitchen from the dining room<\/p>\n<p>1 bedroom with 2&#215;80 double bed<\/p>\n<p>1 shower room with toilets<\/p>\n<p>1 bedroom with 2 bunk beds<\/p>\n<p>1 second shower room with toilets<\/p>\n<h3><strong>Upstairs<\/strong><\/h3>\n<p>2\u00a0 bedrooms one with the single beds and the other with a 2x80x190 bed. These rooms are located under the roof . The refuge of the little mountaineers is accessible by a 1,60 m height passage to cross the wooden frame<\/p>\n<p>included services<\/p>\n<p>household linen,<\/p>\n<p>personalized welcome,<\/p>\n<p>boots dryer,<\/p>\n<p>wood will be available when you arrive for your first chimney fire<\/p>\n<p>In a concern of tranquillity of the neighborhood, the hiring of this chalet is reserved for families<\/p>\n<p>For allergies ans cleanliness reasons, animals are not allowed in our chalets<\/p>\n<p>&nbsp;<\/p>\n<h3><a href=\"https:\/\/www.chalets-esquits.com\/reservation-chalet-pyrenees-2000-font-romeu\/\" target=\"_blank\" rel=\"noopener noreferrer\">BOOK NEST CHALET<\/a><\/h3>\n<p><strong> <div class=\"divider type_3\"><\/div><br \/>\n<\/strong><\/p>\n<div class=\"one_third\"><img loading=\"lazy\" decoding=\"async\" class=\"aligncenter wp-image-1739 size-full\" src=\"https:\/\/www.chalets-esquits.com\/wp-content\/uploads\/2018\/01\/chalet-nest-neige.jpg\" alt=\"chalet Nest pistes de ski\" width=\"600\" height=\"400\" srcset=\"https:\/\/www.chalets-esquits.com\/wp-content\/uploads\/2018\/01\/chalet-nest-neige.jpg 600w, https:\/\/www.chalets-esquits.com\/wp-content\/uploads\/2018\/01\/chalet-nest-neige-300x200.jpg 300w, https:\/\/www.chalets-esquits.com\/wp-content\/uploads\/2018\/01\/chalet-nest-neige-150x100.jpg 150w\" sizes=\"auto, (max-width: 600px) 100vw, 600px\" \/><br \/><\/div>\n<div class=\"one_third\"><img loading=\"lazy\" decoding=\"async\" class=\"aligncenter wp-image-1837 size-full\" src=\"https:\/\/www.chalets-esquits.com\/wp-content\/uploads\/2018\/06\/nest-neige-e1532682821725.jpg\" alt=\"fa\u00e7ade du chalet n'est sous la neige\" width=\"600\" height=\"400\" \/><br \/><\/div>\n<div class=\"one_third column-last\"><p><img loading=\"lazy\" decoding=\"async\" class=\"aligncenter wp-image-2138 size-full\" src=\"https:\/\/www.chalets-esquits.com\/wp-content\/uploads\/2019\/02\/sejour-chalet-nest.jpg\" alt=\"le s\u00e9jour du chalet Nest \u00e0 Pyr\u00e9n\u00e9es 2000 Font Romeu\" width=\"600\" height=\"400\" srcset=\"https:\/\/www.chalets-esquits.com\/wp-content\/uploads\/2019\/02\/sejour-chalet-nest.jpg 600w, https:\/\/www.chalets-esquits.com\/wp-content\/uploads\/2019\/02\/sejour-chalet-nest-300x200.jpg 300w, https:\/\/www.chalets-esquits.com\/wp-content\/uploads\/2019\/02\/sejour-chalet-nest-150x100.jpg 150w\" sizes=\"auto, (max-width: 600px) 100vw, 600px\" \/><\/p><\/div>\n\t\t\t<div class=\"clearer\"><\/div>\n<div class=\"one_third\"><p><img loading=\"lazy\" decoding=\"async\" class=\"aligncenter wp-image-2135 size-full\" src=\"https:\/\/www.chalets-esquits.com\/wp-content\/uploads\/2019\/02\/salle-a-manger-chalet-nest.jpg\" alt=\"\" width=\"600\" height=\"400\" srcset=\"https:\/\/www.chalets-esquits.com\/wp-content\/uploads\/2019\/02\/salle-a-manger-chalet-nest.jpg 600w, https:\/\/www.chalets-esquits.com\/wp-content\/uploads\/2019\/02\/salle-a-manger-chalet-nest-300x200.jpg 300w, https:\/\/www.chalets-esquits.com\/wp-content\/uploads\/2019\/02\/salle-a-manger-chalet-nest-150x100.jpg 150w\" sizes=\"auto, (max-width: 600px) 100vw, 600px\" \/><\/p><\/div>\n<div class=\"one_third\"><p><img loading=\"lazy\" decoding=\"async\" class=\"aligncenter wp-image-2123 size-full\" src=\"https:\/\/www.chalets-esquits.com\/wp-content\/uploads\/2019\/02\/chambre-parents-chalet-nest.jpg\" alt=\"chambre parentale du chalet Nest Pyr\u00e9n\u00e9es 2000\" width=\"600\" height=\"400\" srcset=\"https:\/\/www.chalets-esquits.com\/wp-content\/uploads\/2019\/02\/chambre-parents-chalet-nest.jpg 600w, https:\/\/www.chalets-esquits.com\/wp-content\/uploads\/2019\/02\/chambre-parents-chalet-nest-300x200.jpg 300w, https:\/\/www.chalets-esquits.com\/wp-content\/uploads\/2019\/02\/chambre-parents-chalet-nest-150x100.jpg 150w\" sizes=\"auto, (max-width: 600px) 100vw, 600px\" \/><\/p><\/div>\n<div class=\"one_third column-last\"><p><img loading=\"lazy\" decoding=\"async\" class=\"aligncenter wp-image-2124\" src=\"http:\/\/www.chalets-esquits.com\/wp-content\/uploads\/2019\/02\/cuisine-chalet-nest-300x200.jpg\" alt=\"cuisine du chalet Nest Pyr\u00e9n\u00e9es 2000\" width=\"600\" height=\"400\" srcset=\"https:\/\/www.chalets-esquits.com\/wp-content\/uploads\/2019\/02\/cuisine-chalet-nest-300x200.jpg 300w, https:\/\/www.chalets-esquits.com\/wp-content\/uploads\/2019\/02\/cuisine-chalet-nest-768x512.jpg 768w, https:\/\/www.chalets-esquits.com\/wp-content\/uploads\/2019\/02\/cuisine-chalet-nest-1024x682.jpg 1024w, https:\/\/www.chalets-esquits.com\/wp-content\/uploads\/2019\/02\/cuisine-chalet-nest-150x100.jpg 150w, https:\/\/www.chalets-esquits.com\/wp-content\/uploads\/2019\/02\/cuisine-chalet-nest.jpg 2000w\" sizes=\"auto, (max-width: 600px) 100vw, 600px\" \/><\/p><\/div>\n\t\t\t<div class=\"clearer\"><\/div>\n<p><strong><div class=\"divider type_3\"><\/div><\/strong><\/p>\n<h5 style=\"text-align: center;\"><\/h5>\n<h3><a href=\"https:\/\/www.chalets-esquits.com\/reservation-chalet-pyrenees-2000-font-romeu\/\" target=\"_blank\" rel=\"noopener noreferrer\">BOOK NEST CHALET<\/a><\/h3>\n<p>&nbsp;<\/p>\n<p><strong>8 people maxi<\/strong> RENTED FROM SATURDAY UNTIL SATURDAY<\/p>\n<p>Bed linen folded on beds<\/p>\n<p><strong>Arrivals<\/strong> : between 4 pm and 5 pm \/ departures : the latest 9H45 am<\/p>\n<p><strong>Returnable breakage deposit 1800 \u20ac<\/strong> the day of your arrival and given back the day of your departure<\/p>\n<p>&#8220;Conciergerie des cimes&#8221; will welcome you in Summer<\/p>\n<p>we ask for a <strong>130 \u20ac final cleaning deposit<\/strong> the day of your arrival which will be given back (if the chalet is as clean as you found it) or kept (if you choose this option or if the final cleaning has not be done).<\/p>\n<h5><\/h5>\n<ul>\n<li>\n<h5><strong>bed and bathroom linen, comforters, NON INCLUDED BED LINEN\u00a0<\/strong><\/h5>\n<\/li>\n<li>\n<h5><strong>Qadralp ski boot dryer<\/strong><\/h5>\n<\/li>\n<li>\n<h5><strong>final cleaning (except kitchen and dishes)<\/strong><\/h5>\n<\/li>\n<li>\n<h5><strong>wood\u00a0<\/strong><\/h5>\n<\/li>\n<li>\n<h6><strong>FIBER CONNECTION<\/strong><\/h6>\n<\/li>\n<\/ul>\n<h5><\/h5>\n<h4><strong>the kitchen has to be cleaned by you :<\/strong><\/h4>\n<h5><strong>(including fondue and raclettes devices, electric and micron-wave ovens, coffee maker)<\/strong><\/h5>\n<h5>-fridge and dish-washer have to be emptied<br \/>\n-dishes must be washed and tidied up in cupboards<br \/>\n-Home bins will be taken out in the outside containers<\/h5>\n<h5>-electric and micro wave ovens have to be cleaned if you used them<\/h5>\n<p>&nbsp;<\/p>\n<h5><strong>Payment by bank transfer<\/strong><\/h5>\n<p><strong>PETS NOT ALLOWED in chalet NEST<\/strong><\/p>\n<p style=\"text-align: left;\"><strong><br \/>\n<div class=\"divider type_3\"><\/div><\/strong><\/p>\n<div class=\"one_half\"><h4 style=\"text-align: center;\"><strong>GENERAL SITUATION<br \/>\n<\/strong><\/h4>\n<p><iframe loading=\"lazy\" src=\"https:\/\/www.google.com\/maps\/d\/embed?mid=1mJfSwN4vSzSB_47l1LqQfKX7ZD8\" width=\"300\" height=\"480\"><\/iframe><br \/><\/div>\n<div class=\"one_half column-last\"><h4 style=\"text-align: center;\"><strong>ACCESS TO THE SKI SLOPES<br \/>\n<\/strong><\/h4>\n<p style=\"text-align: center;\">By rue des Esquits or by the forest skis on the feet<\/p>\n<p style=\"text-align: center;\"><a href=\"http:\/\/www.chalets-esquits.com\/wp-content\/uploads\/2017\/03\/plan-station.jpg\"><img loading=\"lazy\" decoding=\"async\" class=\"alignnone wp-image-1155 size-medium\" src=\"http:\/\/www.chalets-esquits.com\/wp-content\/uploads\/2017\/03\/plan-station-288x300.jpg\" alt=\"chalet Nest\" width=\"288\" height=\"300\" srcset=\"https:\/\/www.chalets-esquits.com\/wp-content\/uploads\/2017\/03\/plan-station-288x300.jpg 288w, https:\/\/www.chalets-esquits.com\/wp-content\/uploads\/2017\/03\/plan-station-144x150.jpg 144w, https:\/\/www.chalets-esquits.com\/wp-content\/uploads\/2017\/03\/plan-station.jpg 743w\" sizes=\"auto, (max-width: 288px) 100vw, 288px\" \/><\/a><\/p><\/div>\n\t\t\t<div class=\"clearer\"><\/div>\n","protected":false},"excerpt":{"rendered":"<p>Welcome to Nest chalet 90 m2 \u00a0 NEST\u00a0chalet is an exceptional chalet, an eagle nest above the clouds. In the morning you will discover a magnificient view of the Pyrenean chain from Canigou to Puigmal. Located in the center &hellip; <\/p>\n<p><a href=\"https:\/\/www.chalets-esquits.com\/en\/chalet-nest-rental-pyrenees-2000-font-romeu\/\" class=\"read_more_link\">Read more<\/a><\/p>\n","protected":false},"author":1,"featured_media":0,"parent":0,"menu_order":0,"comment_status":"closed","ping_status":"closed","template":"","meta":{"footnotes":""},"class_list":["post-1340","page","type-page","status-publish","hentry"],"_links":{"self":[{"href":"https:\/\/www.chalets-esquits.com\/en\/wp-json\/wp\/v2\/pages\/1340","targetHints":{"allow":["GET"]}}],"collection":[{"href":"https:\/\/www.chalets-esquits.com\/en\/wp-json\/wp\/v2\/pages"}],"about":[{"href":"https:\/\/www.chalets-esquits.com\/en\/wp-json\/wp\/v2\/types\/page"}],"author":[{"embeddable":true,"href":"https:\/\/www.chalets-esquits.com\/en\/wp-json\/wp\/v2\/users\/1"}],"replies":[{"embeddable":true,"href":"https:\/\/www.chalets-esquits.com\/en\/wp-json\/wp\/v2\/comments?post=1340"}],"version-history":[{"count":319,"href":"https:\/\/www.chalets-esquits.com\/en\/wp-json\/wp\/v2\/pages\/1340\/revisions"}],"predecessor-version":[{"id":5857,"href":"https:\/\/www.chalets-esquits.com\/en\/wp-json\/wp\/v2\/pages\/1340\/revisions\/5857"}],"wp:attachment":[{"href":"https:\/\/www.chalets-esquits.com\/en\/wp-json\/wp\/v2\/media?parent=1340"}],"curies":[{"name":"wp","href":"https:\/\/api.w.org\/{rel}","templated":true}]}}